{"id":751,"date":"2025-06-29T13:40:41","date_gmt":"2025-06-29T19:40:41","guid":{"rendered":"https:\/\/rahab.es\/?page_id=751"},"modified":"2025-06-29T13:47:02","modified_gmt":"2025-06-29T19:47:02","slug":"soporte-contacto","status":"publish","type":"page","link":"https:\/\/rahab.es\/en\/soporte-contacto\/","title":{"rendered":"Contacto con el staff de Rahab"},"content":{"rendered":"<p>Si tienes preguntas, encontraste un problema o necesitas asistencia con tu cuenta, estamos aqu\u00ed para ayudarte.<br>Completa el siguiente formulario y nuestro equipo de soporte se pondr\u00e1 en contacto contigo lo antes posible.<\/p>\n\n\n\n<p>Tambi\u00e9n puedes usar este canal para:<\/p>\n\n\n\n<ul class=\"wp-block-list\">\n<li>Reportar errores o fallos en la app<\/li>\n\n\n\n<li>Solicitar soporte t\u00e9cnico<\/li>\n\n\n\n<li>Consultar sobre la eliminaci\u00f3n de tu cuenta<\/li>\n\n\n\n<li>Reportar comportamientos inapropiados dentro de la plataforma<\/li>\n<\/ul>\n\n\n\n<p>Tu mensaje ser\u00e1 revisado por nuestro equipo dentro de las siguientes 24 horas.<\/p>\n\n\n\n<div class=\"wpcf7 no-js\" id=\"wpcf7-f754-o1\" lang=\"es-ES\" dir=\"ltr\" data-wpcf7-id=\"754\">\n<div class=\"screen-reader-response\"><p role=\"status\" aria-live=\"polite\" aria-atomic=\"true\"><\/p> <ul><\/ul><\/div>\n<form action=\"\/en\/wp-json\/wp\/v2\/pages\/751#wpcf7-f754-o1\" method=\"post\" class=\"wpcf7-form init\" aria-label=\"Formulario de contacto\" novalidate=\"novalidate\" data-status=\"init\" data-trp-original-action=\"\/en\/wp-json\/wp\/v2\/pages\/751#wpcf7-f754-o1\">\n<fieldset class=\"hidden-fields-container\"><input type=\"hidden\" name=\"_wpcf7\" value=\"754\" \/><input type=\"hidden\" name=\"_wpcf7_version\" value=\"6.1.3\" \/><input type=\"hidden\" name=\"_wpcf7_locale\" value=\"es_ES\" \/><input type=\"hidden\" name=\"_wpcf7_unit_tag\" value=\"wpcf7-f754-o1\" \/><input type=\"hidden\" name=\"_wpcf7_container_post\" value=\"0\" \/><input type=\"hidden\" name=\"_wpcf7_posted_data_hash\" value=\"\" \/>\n<\/fieldset>\n<p><label> Tu nombre<br \/>\n<span class=\"wpcf7-form-control-wrap\" data-name=\"your-name\"><input size=\"40\" maxlength=\"400\" class=\"wpcf7-form-control wpcf7-text wpcf7-validates-as-required\" autocomplete=\"name\" aria-required=\"true\" aria-invalid=\"false\" value=\"\" type=\"text\" name=\"your-name\" \/><\/span> <\/label>\n<\/p>\n<p><label> Tu correo electr\u00f3nico<br \/>\n<span class=\"wpcf7-form-control-wrap\" data-name=\"your-email\"><input size=\"40\" maxlength=\"400\" class=\"wpcf7-form-control wpcf7-email wpcf7-validates-as-required wpcf7-text wpcf7-validates-as-email\" autocomplete=\"email\" aria-required=\"true\" aria-invalid=\"false\" value=\"\" type=\"email\" name=\"your-email\" \/><\/span> <\/label>\n<\/p>\n<p><label> Asunto<br \/>\n<span class=\"wpcf7-form-control-wrap\" data-name=\"your-subject\"><input size=\"40\" maxlength=\"400\" class=\"wpcf7-form-control wpcf7-text wpcf7-validates-as-required\" aria-required=\"true\" aria-invalid=\"false\" value=\"\" type=\"text\" name=\"your-subject\" \/><\/span> <\/label>\n<\/p>\n<p><label> Tu mensaje (opcional)<br \/>\n<span class=\"wpcf7-form-control-wrap\" data-name=\"your-message\"><textarea cols=\"40\" rows=\"10\" maxlength=\"2000\" class=\"wpcf7-form-control wpcf7-textarea\" aria-invalid=\"false\" name=\"your-message\"><\/textarea><\/span> <\/label>\n<\/p>\n<p><input class=\"wpcf7-form-control wpcf7-submit has-spinner\" type=\"submit\" value=\"Enviar\" \/>\n<\/p><div class=\"wpcf7-response-output\" aria-hidden=\"true\"><\/div>\n<input type=\"hidden\" name=\"trp-form-language\" value=\"en\"\/><\/form>\n<\/div>","protected":false},"excerpt":{"rendered":"<p>Si tienes preguntas, encontraste un problema o necesitas asistencia con tu cuenta, estamos aqu\u00ed para ayudarte.Completa el siguiente formulario y nuestro equipo de soporte se pondr\u00e1 en contacto contigo lo antes posible. Tambi\u00e9n puedes usar este canal para: Tu mensaje ser\u00e1 revisado por nuestro equipo dentro de las siguientes 24 horas.<\/p>","protected":false},"author":1,"featured_media":0,"parent":0,"menu_order":0,"comment_status":"closed","ping_status":"closed","template":"","meta":{"footnotes":""},"class_list":["post-751","page","type-page","status-publish","hentry"],"_links":{"self":[{"href":"https:\/\/rahab.es\/en\/wp-json\/wp\/v2\/pages\/751","targetHints":{"allow":["GET"]}}],"collection":[{"href":"https:\/\/rahab.es\/en\/wp-json\/wp\/v2\/pages"}],"about":[{"href":"https:\/\/rahab.es\/en\/wp-json\/wp\/v2\/types\/page"}],"author":[{"embeddable":true,"href":"https:\/\/rahab.es\/en\/wp-json\/wp\/v2\/users\/1"}],"replies":[{"embeddable":true,"href":"https:\/\/rahab.es\/en\/wp-json\/wp\/v2\/comments?post=751"}],"version-history":[{"count":4,"href":"https:\/\/rahab.es\/en\/wp-json\/wp\/v2\/pages\/751\/revisions"}],"predecessor-version":[{"id":758,"href":"https:\/\/rahab.es\/en\/wp-json\/wp\/v2\/pages\/751\/revisions\/758"}],"wp:attachment":[{"href":"https:\/\/rahab.es\/en\/wp-json\/wp\/v2\/media?parent=751"}],"curies":[{"name":"wp","href":"https:\/\/api.w.org\/{rel}","templated":true}]}}